{"id":58453,"date":"2026-05-10T01:25:51","date_gmt":"2026-05-10T01:25:51","guid":{"rendered":"https:\/\/ponireluxe.top\/?post_type=product&#038;p=58453"},"modified":"2026-05-10T01:26:47","modified_gmt":"2026-05-10T01:26:47","slug":"goyard-saigon-pm-bag-6","status":"publish","type":"product","link":"https:\/\/www.ponireluxe.top\/index.php\/product\/goyard-saigon-pm-bag-6\/","title":{"rendered":"GOYARD Sa\u00efgon PM Bag 6"},"content":{"rendered":"<p>This is a replica GOYARD Sa\u00efgon PM Bag&nbsp;in black and tan.&nbsp;The Sa\u00efgon bag is one of Maison Goyard\u2019s emblematic pieces as it inherits all our trunk-making signature codes like the wood batons, leather corners and trunk rivets. In this structured PM format, the Sa\u00efgon bag can be worn with or without a strap for an elegant evening style.,<br \/>,Size&nbsp;&nbsp;,<br \/>,Length: 28 cm,<br \/>,Height: 12 cm<\/p>\n","protected":false},"excerpt":{"rendered":"<p>Stock: In Stock                      Model: GYSaigon001                       Weight: 0.65kg                       Dimensions: 28.00cm x 12.00cm x 20.00cm<\/p>\n","protected":false},"featured_media":58504,"comment_status":"closed","ping_status":"closed","template":"","meta":[],"product_brand":[],"product_cat":[642,263],"product_tag":[],"class_list":{"0":"post-58453","1":"product","2":"type-product","3":"status-publish","4":"has-post-thumbnail","6":"product_cat-bag","7":"product_cat-goyard","9":"first","10":"instock","11":"purchasable","12":"product-type-variable"},"_links":{"self":[{"href":"https:\/\/www.ponireluxe.top\/index.php\/wp-json\/wp\/v2\/product\/58453","targetHints":{"allow":["GET"]}}],"collection":[{"href":"https:\/\/www.ponireluxe.top\/index.php\/wp-json\/wp\/v2\/product"}],"about":[{"href":"https:\/\/www.ponireluxe.top\/index.php\/wp-json\/wp\/v2\/types\/product"}],"replies":[{"embeddable":true,"href":"https:\/\/www.ponireluxe.top\/index.php\/wp-json\/wp\/v2\/comments?post=58453"}],"version-history":[{"count":1,"href":"https:\/\/www.ponireluxe.top\/index.php\/wp-json\/wp\/v2\/product\/58453\/revisions"}],"predecessor-version":[{"id":58505,"href":"https:\/\/www.ponireluxe.top\/index.php\/wp-json\/wp\/v2\/product\/58453\/revisions\/58505"}],"wp:featuredmedia":[{"embeddable":true,"href":"https:\/\/www.ponireluxe.top\/index.php\/wp-json\/wp\/v2\/media\/58504"}],"wp:attachment":[{"href":"https:\/\/www.ponireluxe.top\/index.php\/wp-json\/wp\/v2\/media?parent=58453"}],"wp:term":[{"taxonomy":"product_brand","embeddable":true,"href":"https:\/\/www.ponireluxe.top\/index.php\/wp-json\/wp\/v2\/product_brand?post=58453"},{"taxonomy":"product_cat","embeddable":true,"href":"https:\/\/www.ponireluxe.top\/index.php\/wp-json\/wp\/v2\/product_cat?post=58453"},{"taxonomy":"product_tag","embeddable":true,"href":"https:\/\/www.ponireluxe.top\/index.php\/wp-json\/wp\/v2\/product_tag?post=58453"}],"curies":[{"name":"wp","href":"https:\/\/api.w.org\/{rel}","templated":true}]}}