{"id":58570,"date":"2026-05-10T01:27:19","date_gmt":"2026-05-10T01:27:19","guid":{"rendered":"https:\/\/ponireluxe.top\/?post_type=product&#038;p=58570"},"modified":"2026-05-10T01:28:17","modified_gmt":"2026-05-10T01:28:17","slug":"goyard-boheme-hobo-bag-3","status":"publish","type":"product","link":"https:\/\/www.ponireluxe.top\/index.php\/product\/goyard-boheme-hobo-bag-3\/","title":{"rendered":"GOYARD Boh\u00e8me Hobo Bag 3"},"content":{"rendered":"<p>This is a replica GOYARD Boh\u00e8me Hobo Bag&nbsp;in orange.&nbsp;The Boh\u00e8me Hobo bag epitomizes lightness, flexibility, and safety thanks to its zip closure. It is very comfortable as a shoulder bag thanks to its wide handle. It also features the emblematic removable pouch that closes with a snap fastener.,<br \/>,Size&nbsp;&nbsp;,<br \/>,Length: 43 cm,<br \/>,Height: 14 cm<\/p>\n","protected":false},"excerpt":{"rendered":"<p>Stock: In Stock                      Model: GYBohemeHobo001                       Weight: 0.33kg                       Dimensions: 43.00cm x 14.00cm x 27.00cm<\/p>\n","protected":false},"featured_media":58589,"comment_status":"closed","ping_status":"closed","template":"","meta":[],"product_brand":[],"product_cat":[642,263],"product_tag":[],"class_list":{"0":"post-58570","1":"product","2":"type-product","3":"status-publish","4":"has-post-thumbnail","6":"product_cat-bag","7":"product_cat-goyard","9":"first","10":"instock","11":"purchasable","12":"product-type-variable"},"_links":{"self":[{"href":"https:\/\/www.ponireluxe.top\/index.php\/wp-json\/wp\/v2\/product\/58570","targetHints":{"allow":["GET"]}}],"collection":[{"href":"https:\/\/www.ponireluxe.top\/index.php\/wp-json\/wp\/v2\/product"}],"about":[{"href":"https:\/\/www.ponireluxe.top\/index.php\/wp-json\/wp\/v2\/types\/product"}],"replies":[{"embeddable":true,"href":"https:\/\/www.ponireluxe.top\/index.php\/wp-json\/wp\/v2\/comments?post=58570"}],"version-history":[{"count":1,"href":"https:\/\/www.ponireluxe.top\/index.php\/wp-json\/wp\/v2\/product\/58570\/revisions"}],"predecessor-version":[{"id":58590,"href":"https:\/\/www.ponireluxe.top\/index.php\/wp-json\/wp\/v2\/product\/58570\/revisions\/58590"}],"wp:featuredmedia":[{"embeddable":true,"href":"https:\/\/www.ponireluxe.top\/index.php\/wp-json\/wp\/v2\/media\/58589"}],"wp:attachment":[{"href":"https:\/\/www.ponireluxe.top\/index.php\/wp-json\/wp\/v2\/media?parent=58570"}],"wp:term":[{"taxonomy":"product_brand","embeddable":true,"href":"https:\/\/www.ponireluxe.top\/index.php\/wp-json\/wp\/v2\/product_brand?post=58570"},{"taxonomy":"product_cat","embeddable":true,"href":"https:\/\/www.ponireluxe.top\/index.php\/wp-json\/wp\/v2\/product_cat?post=58570"},{"taxonomy":"product_tag","embeddable":true,"href":"https:\/\/www.ponireluxe.top\/index.php\/wp-json\/wp\/v2\/product_tag?post=58570"}],"curies":[{"name":"wp","href":"https:\/\/api.w.org\/{rel}","templated":true}]}}